{"id":1208,"date":"2025-04-26T06:35:21","date_gmt":"2025-04-26T06:35:21","guid":{"rendered":"https:\/\/amplicity.eu\/?page_id=1208"},"modified":"2025-04-26T06:49:20","modified_gmt":"2025-04-26T06:49:20","slug":"projekt-losungswege","status":"publish","type":"page","link":"https:\/\/amplicity.eu\/en\/projekt-losungswege\/","title":{"rendered":"Projekt \u201eL\u00f6sungsWege\u201c"},"content":{"rendered":"\t\t<div data-elementor-type=\"wp-page\" data-elementor-id=\"1208\" class=\"elementor elementor-1208\" data-elementor-post-type=\"page\">\n\t\t\t\t\t\t\t\t\t<section class=\"elementor-section elementor-top-section elementor-element elementor-element-cb48ea8 prt-column-break-ipad-no prt-col-stretched-none elementor-section-boxed elementor-section-height-default elementor-section-height-default\" data-id=\"cb48ea8\" data-element_type=\"section\">\n\t\t\t\t\t\t<div class=\"elementor-container elementor-column-gap-default\">\n\t\t\t\t\t<div class=\"elementor-column elementor-col-100 elementor-top-column elementor-element elementor-element-3c8309a\" data-id=\"3c8309a\" data-element_type=\"column\">\n\t\t\t<div class=\"elementor-widget-wrap elementor-element-populated\">\n\t\t\t\t\t\t\t\t<div class=\"elementor-element elementor-element-3cda619 elementor-widget elementor-widget-spacer\" data-id=\"3cda619\" data-element_type=\"widget\" data-widget_type=\"spacer.default\">\n\t\t\t\t<div class=\"elementor-widget-container\">\n\t\t\t<style>\/*! elementor - v3.15.0 - 02-08-2023 *\/\n.elementor-column .elementor-spacer-inner{height:var(--spacer-size)}.e-con{--container-widget-width:100%}.e-con-inner>.elementor-widget-spacer,.e-con>.elementor-widget-spacer{width:var(--container-widget-width,var(--spacer-size));--align-self:var(--container-widget-align-self,initial);--flex-shrink:0}.e-con-inner>.elementor-widget-spacer>.elementor-widget-container,.e-con-inner>.elementor-widget-spacer>.elementor-widget-container>.elementor-spacer,.e-con>.elementor-widget-spacer>.elementor-widget-container,.e-con>.elementor-widget-spacer>.elementor-widget-container>.elementor-spacer{height:100%}.e-con-inner>.elementor-widget-spacer>.elementor-widget-container>.elementor-spacer>.elementor-spacer-inner,.e-con>.elementor-widget-spacer>.elementor-widget-container>.elementor-spacer>.elementor-spacer-inner{height:var(--container-widget-height,var(--spacer-size))}<\/style>\t\t<div class=\"elementor-spacer\">\n\t\t\t<div class=\"elementor-spacer-inner\"><\/div>\n\t\t<\/div>\n\t\t\t\t<\/div>\n\t\t\t\t<\/div>\n\t\t\t\t\t<\/div>\n\t\t<\/div>\n\t\t\t\t\t\t\t<\/div>\n\t\t<\/section>\n\t\t\t\t<section class=\"elementor-section elementor-top-section elementor-element elementor-element-7152bd4 prt-bgcolor-white prt-column-break-ipad-no prt-col-stretched-none elementor-section-boxed elementor-section-height-default elementor-section-height-default\" data-id=\"7152bd4\" data-element_type=\"section\">\n\t\t\t\t\t\t<div class=\"elementor-container elementor-column-gap-default\">\n\t\t\t\t\t<div class=\"elementor-column elementor-col-100 elementor-top-column elementor-element elementor-element-fe841a0\" data-id=\"fe841a0\" data-element_type=\"column\">\n\t\t\t<div class=\"elementor-widget-wrap elementor-element-populated\">\n\t\t\t\t\t\t\t\t<section class=\"elementor-section elementor-inner-section elementor-element elementor-element-d25e68c prt-column-break-ipad-no prt-col-stretched-none elementor-section-boxed elementor-section-height-default elementor-section-height-default\" data-id=\"d25e68c\" data-element_type=\"section\">\n\t\t\t\t\t\t<div class=\"elementor-container elementor-column-gap-default\">\n\t\t\t\t\t<div class=\"elementor-column elementor-col-100 elementor-inner-column elementor-element elementor-element-b9de1fb\" data-id=\"b9de1fb\" data-element_type=\"column\">\n\t\t\t<div class=\"elementor-widget-wrap elementor-element-populated\">\n\t\t\t\t\t\t\t\t<div class=\"elementor-element elementor-element-dff297d elementor-widget elementor-widget-image\" data-id=\"dff297d\" data-element_type=\"widget\" data-widget_type=\"image.default\">\n\t\t\t\t<div class=\"elementor-widget-container\">\n\t\t\t<style>\/*! elementor - v3.15.0 - 02-08-2023 *\/\n.elementor-widget-image{text-align:center}.elementor-widget-image a{display:inline-block}.elementor-widget-image a img[src$=\".svg\"]{width:48px}.elementor-widget-image img{vertical-align:middle;display:inline-block}<\/style>\t\t\t\t\t\t\t\t\t\t\t\t<img loading=\"lazy\" decoding=\"async\" width=\"847\" height=\"565\" src=\"https:\/\/amplicity.eu\/wp-content\/uploads\/2025\/04\/20241004_Loesungswege-1-1024x683.jpg\" class=\"attachment-large size-large wp-image-1210\" alt=\"\" srcset=\"https:\/\/amplicity.eu\/wp-content\/uploads\/2025\/04\/20241004_Loesungswege-1-1024x683.jpg 1024w, https:\/\/amplicity.eu\/wp-content\/uploads\/2025\/04\/20241004_Loesungswege-1-300x200.jpg 300w, https:\/\/amplicity.eu\/wp-content\/uploads\/2025\/04\/20241004_Loesungswege-1-768x512.jpg 768w, https:\/\/amplicity.eu\/wp-content\/uploads\/2025\/04\/20241004_Loesungswege-1-1536x1024.jpg 1536w, https:\/\/amplicity.eu\/wp-content\/uploads\/2025\/04\/20241004_Loesungswege-1-1320x880.jpg 1320w, https:\/\/amplicity.eu\/wp-content\/uploads\/2025\/04\/20241004_Loesungswege-1-600x400.jpg 600w, https:\/\/amplicity.eu\/wp-content\/uploads\/2025\/04\/20241004_Loesungswege-1-771x514.jpg 771w, https:\/\/amplicity.eu\/wp-content\/uploads\/2025\/04\/20241004_Loesungswege-1-450x300.jpg 450w, https:\/\/amplicity.eu\/wp-content\/uploads\/2025\/04\/20241004_Loesungswege-1-732x488.jpg 732w, https:\/\/amplicity.eu\/wp-content\/uploads\/2025\/04\/20241004_Loesungswege-1-1200x800.jpg 1200w, https:\/\/amplicity.eu\/wp-content\/uploads\/2025\/04\/20241004_Loesungswege-1.jpg 1920w\" sizes=\"auto, (max-width: 847px) 100vw, 847px\" data-id=\"1210\" \/>\t\t\t\t\t\t\t\t\t\t\t\t\t\t\t<\/div>\n\t\t\t\t<\/div>\n\t\t\t\t<div class=\"elementor-element elementor-element-9c7276a elementor-widget elementor-widget-text-editor\" data-id=\"9c7276a\" data-element_type=\"widget\" data-widget_type=\"text-editor.default\">\n\t\t\t\t<div class=\"elementor-widget-container\">\n\t\t\t<style>\/*! elementor - v3.15.0 - 02-08-2023 *\/\n.elementor-widget-text-editor.elementor-drop-cap-view-stacked .elementor-drop-cap{background-color:#69727d;color:#fff}.elementor-widget-text-editor.elementor-drop-cap-view-framed .elementor-drop-cap{color:#69727d;border:3px solid;background-color:transparent}.elementor-widget-text-editor:not(.elementor-drop-cap-view-default) .elementor-drop-cap{margin-top:8px}.elementor-widget-text-editor:not(.elementor-drop-cap-view-default) .elementor-drop-cap-letter{width:1em;height:1em}.elementor-widget-text-editor .elementor-drop-cap{float:left;text-align:center;line-height:1;font-size:50px}.elementor-widget-text-editor .elementor-drop-cap-letter{display:inline-block}<\/style>\t\t\t\t<p><img loading=\"lazy\" decoding=\"async\" class=\"size-full wp-image-1219 alignright\" src=\"https:\/\/amplicity.eu\/wp-content\/uploads\/2025\/04\/Logo_LoesungsWege_V3-300x195-1.jpg\" alt=\"\" width=\"300\" height=\"195\" \/>In der Oststeiermark fehlt es an massentauglichen, zeitlich zumutbaren bzw. komfortablen durchg\u00e4ngigen Mobilit\u00e4tsketten (mit Standardformen des \u00f6ffentlichen Verkehrs kann die zeitlich und r\u00e4umlich ausgedehnte Nachfrage nur eingeschr\u00e4nkt befriedigt werden). Auf Grund schlechter Erreichbarkeit der ersten und letzten Meile, besteht eine zu gro\u00dfe Abh\u00e4ngigkeit vom MIV. Mehr und mehr Gemeinden erkennen ihren eigenen Handlungsbedarf, jedoch sind flexible Mobilit\u00e4tsformen bzw. On-Demand Angebote (v.a. Mikro-\u00d6V, E-Car-Sharing, Bike-Sharing, E-Ladestationen) derzeit meist geographisch beschr\u00e4nkte Einzelma\u00dfnahmen.<br \/>Um das zu \u00e4ndern, wird sich L\u00f6sungsWege den beiden Missionsfeldern, \u201eRegionen: l\u00e4ndliche R\u00e4ume mobilisieren und nachhaltig verbinden\u201c und \u201eDigitalisierung: Infrastruktur, Mobilit\u00e4ts- und Logistikdienste effizient und klimavertr\u00e4glich betreiben\u201c widmen.<\/p><p><strong>Ziele<\/strong><\/p><p>L\u00f6sungsWege unterst\u00fctzt den Kompetenzaufbau zwischen den vielseitigen Bedarfstr\u00e4gern, u.a. von Gemeinde bis Verkehrsverbund, um neue On-Demand Angebote langfristig systemisch in ein Gesamtsystem zu integrieren.<br \/>Dabei werden innovative Planungswerkzeuge (basierend auf nationalen Standards) f\u00fcr Gemeinden und Regionen entwickelt und umgesetzt, die es erlauben, lokale Mobilit\u00e4tsmuster zu messen und ihre Verkehrs- bzw. Umweltwirkungen darzustellen. Damit k\u00f6nnen neue interkommunale- und interregionale Kooperationsprozesse angesto\u00dfen werden, um die Entwicklung und Umsetzung neuer integrierter und bedarfsgerechter On-Demand Angebote zu unterst\u00fctzen und pilothaft umzusetzen.<\/p><p><strong>Projektpartner:innen:<\/strong><\/p><ul><li>W.E.I.Z. Forschungs &amp; EntwicklungsgGmbH: Konsortialf\u00fchrer<\/li><li>AEE \u2013 Institut f\u00fcr Nachhaltige Technologien<\/li><li>Energie Agentur Steiermark gemeinn\u00fctzige GmbH<\/li><li>FAMILY OF POWER SCE mit beschr\u00e4nkter Haftung<\/li><li>Hauser Verkehrsplanung KG<\/li><li>MGAtech GmbH<\/li><li>Paradieschen GmbH<\/li><li>Regionalentwicklung Oststeiermark GmbH<\/li><li>Research Studios Austria Forschungsgesellschaft mbH<\/li><li>Stadtgemeinde Weiz<\/li><li>Universit\u00e4t Graz, Institut f\u00fcr Bewegungswissenschaften, Sport und Gesundheit<\/li><\/ul><p><strong>F\u00f6rdergeber<\/strong><\/p><p>Das Projekt L\u00f6sungsWege \u201eInterkommunale und regionale Mobilit\u00e4tsl\u00f6sungen am Beispiel Oststeiermark\u201c wird aus Mitteln der FFG und dem Bundesministerium f\u00fcr Klimaschutz, Umwelt, Energie, Mobilit\u00e4t, Innovation und Technologie im Rahmen der Ausschreibung Mobilit\u00e4t 2023 Regionen und Digitalisierung gef\u00f6rdert.<\/p>\t\t\t\t\t\t<\/div>\n\t\t\t\t<\/div>\n\t\t\t\t\t<\/div>\n\t\t<\/div>\n\t\t\t\t\t\t\t<\/div>\n\t\t<\/section>\n\t\t\t\t\t<\/div>\n\t\t<\/div>\n\t\t\t\t\t\t\t<\/div>\n\t\t<\/section>\n\t\t\t\t\t\t\t<\/div>\n\t\t","protected":false},"excerpt":{"rendered":"<p>In der Oststeiermark fehlt es an massentauglichen, zeitlich zumutbaren bzw. komfortablen durchg\u00e4ngigen Mobilit\u00e4tsketten (mit Standardformen des \u00f6ffentlichen Verkehrs kann die zeitlich und r\u00e4umlich ausgedehnte Nachfrage nur eingeschr\u00e4nkt befriedigt werden). Auf Grund schlechter Erreichbarkeit der ersten und letzten Meile, besteht eine zu gro\u00dfe Abh\u00e4ngigkeit vom MIV. Mehr und mehr Gemeinden erkennen ihren eigenen Handlungsbedarf, jedoch sind &hellip; <a href=\"https:\/\/amplicity.eu\/en\/projekt-losungswege\/\" class=\"more-link\">Continue reading <span class=\"screen-reader-text\">Projekt \u201eL\u00f6sungsWege\u201c<\/span><\/a><\/p>\n","protected":false},"author":1,"featured_media":0,"parent":0,"menu_order":0,"comment_status":"closed","ping_status":"closed","template":"","meta":{"footnotes":""},"class_list":["post-1208","page","type-page","status-publish","hentry"],"_links":{"self":[{"href":"https:\/\/amplicity.eu\/en\/wp-json\/wp\/v2\/pages\/1208","targetHints":{"allow":["GET"]}}],"collection":[{"href":"https:\/\/amplicity.eu\/en\/wp-json\/wp\/v2\/pages"}],"about":[{"href":"https:\/\/amplicity.eu\/en\/wp-json\/wp\/v2\/types\/page"}],"author":[{"embeddable":true,"href":"https:\/\/amplicity.eu\/en\/wp-json\/wp\/v2\/users\/1"}],"replies":[{"embeddable":true,"href":"https:\/\/amplicity.eu\/en\/wp-json\/wp\/v2\/comments?post=1208"}],"version-history":[{"count":8,"href":"https:\/\/amplicity.eu\/en\/wp-json\/wp\/v2\/pages\/1208\/revisions"}],"predecessor-version":[{"id":1224,"href":"https:\/\/amplicity.eu\/en\/wp-json\/wp\/v2\/pages\/1208\/revisions\/1224"}],"wp:attachment":[{"href":"https:\/\/amplicity.eu\/en\/wp-json\/wp\/v2\/media?parent=1208"}],"curies":[{"name":"wp","href":"https:\/\/api.w.org\/{rel}","templated":true}]}}